{"id":50,"date":"2025-11-11T10:06:30","date_gmt":"2025-11-11T10:06:30","guid":{"rendered":"https:\/\/astrena.fr\/?page_id=50"},"modified":"2025-11-11T15:25:19","modified_gmt":"2025-11-11T15:25:19","slug":"films","status":"publish","type":"page","link":"https:\/\/astrena.fr\/index.php\/films\/","title":{"rendered":"Films"},"content":{"rendered":"\t\t<div data-elementor-type=\"wp-page\" data-elementor-id=\"50\" class=\"elementor elementor-50\">\n\t\t\t\t<div class=\"elementor-element elementor-element-9d8a51f e-con-full e-flex e-con e-parent\" data-id=\"9d8a51f\" data-element_type=\"container\">\n\t\t\t\t<div class=\"elementor-element elementor-element-0950911 elementor-widget elementor-widget-heading\" data-id=\"0950911\" data-element_type=\"widget\" data-widget_type=\"heading.default\">\n\t\t\t\t\t<h2 class=\"elementor-heading-title elementor-size-default\">Nos films<\/h2>\t\t\t\t<\/div>\n\t\t\t\t<\/div>\n\t\t<div class=\"elementor-element elementor-element-2566829 e-con-full e-flex e-con e-parent\" data-id=\"2566829\" data-element_type=\"container\">\n\t\t<div class=\"elementor-element elementor-element-c92c183 e-con-full e-flex e-con e-child\" data-id=\"c92c183\" data-element_type=\"container\">\n\t\t\t\t<div class=\"elementor-element elementor-element-2184593 elementor-widget elementor-widget-image\" data-id=\"2184593\" data-element_type=\"widget\" data-widget_type=\"image.default\">\n\t\t\t\t\t\t\t\t\t\t\t\t\t\t\t<img fetchpriority=\"high\" decoding=\"async\" width=\"525\" height=\"787\" src=\"https:\/\/astrena.fr\/wp-content\/uploads\/2025\/11\/Mirari-1-683x1024.jpg\" class=\"attachment-large size-large wp-image-114\" alt=\"\" srcset=\"https:\/\/astrena.fr\/wp-content\/uploads\/2025\/11\/Mirari-1-683x1024.jpg 683w, https:\/\/astrena.fr\/wp-content\/uploads\/2025\/11\/Mirari-1-200x300.jpg 200w, https:\/\/astrena.fr\/wp-content\/uploads\/2025\/11\/Mirari-1-768x1152.jpg 768w, https:\/\/astrena.fr\/wp-content\/uploads\/2025\/11\/Mirari-1.jpg 1024w\" sizes=\"(max-width: 525px) 100vw, 525px\" \/>\t\t\t\t\t\t\t\t\t\t\t\t\t\t\t<\/div>\n\t\t\t\t<\/div>\n\t\t<div class=\"elementor-element elementor-element-04fc01d e-con-full e-flex e-con e-child\" data-id=\"04fc01d\" data-element_type=\"container\">\n\t\t\t\t<div class=\"elementor-element elementor-element-96718fb elementor-widget elementor-widget-heading\" data-id=\"96718fb\" data-element_type=\"widget\" data-widget_type=\"heading.default\">\n\t\t\t\t\t<h4 class=\"elementor-heading-title elementor-size-default\">Mirari<\/h4>\t\t\t\t<\/div>\n\t\t\t\t<div class=\"elementor-element elementor-element-82db8cd elementor-widget elementor-widget-text-editor\" data-id=\"82db8cd\" data-element_type=\"widget\" data-widget_type=\"text-editor.default\">\n\t\t\t\t\t\t\t\t\t<p>Mirari est le premier long m\u00e9trage de J\u00e9r\u00e9mie Brunel. On y suit Arthur, un ado en d\u00e9crochage scolaire qui s\u2019isole et photographie le monde comme pour en stabiliser les contours. Quand ses parents veulent liquider l\u2019ancien magasin de son grand-p\u00e8re, Arthur s\u2019y r\u00e9fugie et d\u00e9cide d\u2019en pr\u00e9server l\u2019h\u00e9ritage, co\u00fbte que co\u00fbte. Ses journ\u00e9es se rythment d\u2019images, de rituels et de rep\u00e8res sensoriels qui l\u2019aident \u00e0 composer avec un r\u00e9el trop bruyant. Au fil des rencontres et des heurts familiaux, le film sugg\u00e8re \u2014 sans le nommer \u2014 un fonctionnement neuroatypique proche du spectre autistique : besoin de routine, surcharge, hyper-attention aux d\u00e9tails. La photographie devient son langage, sa mani\u00e8re d\u2019apprivoiser l\u2019impr\u00e9vu. Entre m\u00e9moire, illusions et perception, l\u2019initiation d\u2019Arthur \u00e9claire la fragilit\u00e9 de nos attaches : un lieu peut dispara\u00eetre, une lign\u00e9e peut s\u2019effriter mais un seul regard peut sauver.\u00a0 La vie y appara\u00eet pr\u00e9caire mais tenace, faite d\u2019ajustements minuscules qui valent actes de courage. <br \/>Arthur saura t&rsquo;il transformer l&rsquo;h\u00e9ritage en promesse ?\u00a0<\/p>\t\t\t\t\t\t\t\t<\/div>\n\t\t\t\t<\/div>\n\t\t\t\t<\/div>\n\t\t<div class=\"elementor-element elementor-element-f9fb93f e-con-full e-flex e-con e-parent\" data-id=\"f9fb93f\" data-element_type=\"container\">\n\t\t<div class=\"elementor-element elementor-element-9e4ac84 e-con-full e-flex e-con e-child\" data-id=\"9e4ac84\" data-element_type=\"container\">\n\t\t\t\t<div class=\"elementor-element elementor-element-1a7dd6f elementor-widget elementor-widget-image\" data-id=\"1a7dd6f\" data-element_type=\"widget\" data-widget_type=\"image.default\">\n\t\t\t\t\t\t\t\t\t\t\t\t\t\t\t<img decoding=\"async\" width=\"525\" height=\"787\" src=\"https:\/\/astrena.fr\/wp-content\/uploads\/2025\/11\/Jai-vu-Paris-1-683x1024.jpg\" class=\"attachment-large size-large wp-image-135\" alt=\"\" srcset=\"https:\/\/astrena.fr\/wp-content\/uploads\/2025\/11\/Jai-vu-Paris-1-683x1024.jpg 683w, https:\/\/astrena.fr\/wp-content\/uploads\/2025\/11\/Jai-vu-Paris-1-200x300.jpg 200w, https:\/\/astrena.fr\/wp-content\/uploads\/2025\/11\/Jai-vu-Paris-1-768x1152.jpg 768w, https:\/\/astrena.fr\/wp-content\/uploads\/2025\/11\/Jai-vu-Paris-1.jpg 1024w\" sizes=\"(max-width: 525px) 100vw, 525px\" \/>\t\t\t\t\t\t\t\t\t\t\t\t\t\t\t<\/div>\n\t\t\t\t<\/div>\n\t\t<div class=\"elementor-element elementor-element-ed10d2d e-con-full e-flex e-con e-child\" data-id=\"ed10d2d\" data-element_type=\"container\">\n\t\t\t\t<div class=\"elementor-element elementor-element-e8827c3 elementor-widget elementor-widget-heading\" data-id=\"e8827c3\" data-element_type=\"widget\" data-widget_type=\"heading.default\">\n\t\t\t\t\t<h4 class=\"elementor-heading-title elementor-size-default\">J'ai vu Paris<\/h4>\t\t\t\t<\/div>\n\t\t\t\t<div class=\"elementor-element elementor-element-e23929c elementor-widget elementor-widget-text-editor\" data-id=\"e23929c\" data-element_type=\"widget\" data-widget_type=\"text-editor.default\">\n\t\t\t\t\t\t\t\t\t<p>L&rsquo;auteur arpente Paris et en rapporte une suite d\u2019images pens\u00e9es comme un spectacle visuel \u2014 lumi\u00e8res, textures, mouvements. Au-del\u00e0 de la carte-postale, le film creuse l\u2019\u00e9cart entre ce que l\u2019on regarde et ce que l\u2019on per\u00e7oit intimement. Les plans compos\u00e9s invitent \u00e0 voir la ville autrement : reflets, seuils, coulisses, traces minuscules. Peu \u00e0 peu, le parcours devient introspectif. Paris agit comme un r\u00e9v\u00e9lateur, faisant affleurer ce qui se joue \u00ab \u00e0 l\u2019int\u00e9rieur \u00bb \u2014 m\u00e9moire, d\u00e9sir de beaut\u00e9, fragilit\u00e9 personnelle. Le r\u00e9cit se construit par associations plus que par commentaire, laissant na\u00eetre une r\u00e9flexion sur ce qui \u00e9chappe au regard press\u00e9. Au final, la capitale n\u2019est pas seulement un d\u00e9cor, mais un miroir : elle renvoie au spectateur sa propre fa\u00e7on de voir et d\u2019habiter le monde.<\/p>\t\t\t\t\t\t\t\t<\/div>\n\t\t\t\t<\/div>\n\t\t\t\t<\/div>\n\t\t<div class=\"elementor-element elementor-element-9718c56 e-flex e-con-boxed e-con e-parent\" data-id=\"9718c56\" data-element_type=\"container\">\n\t\t\t\t\t<div class=\"e-con-inner\">\n\t\t\t\t<div class=\"elementor-element elementor-element-01afbbe elementor-widget elementor-widget-spacer\" data-id=\"01afbbe\" data-element_type=\"widget\" data-widget_type=\"spacer.default\">\n\t\t\t\t\t\t\t<div class=\"elementor-spacer\">\n\t\t\t<div class=\"elementor-spacer-inner\"><\/div>\n\t\t<\/div>\n\t\t\t\t\t\t<\/div>\n\t\t\t\t\t<\/div>\n\t\t\t\t<\/div>\n\t\t\t\t<\/div>\n\t\t","protected":false},"excerpt":{"rendered":"<p>Nos films Mirari Mirari est le premier long m\u00e9trage de J\u00e9r\u00e9mie Brunel. On y suit Arthur, un ado en d\u00e9crochage scolaire qui s\u2019isole et photographie le monde comme pour en stabiliser les contours. Quand ses parents veulent liquider l\u2019ancien magasin de son grand-p\u00e8re, Arthur s\u2019y r\u00e9fugie et d\u00e9cide d\u2019en pr\u00e9server l\u2019h\u00e9ritage, co\u00fbte que co\u00fbte. Ses [&hellip;]<\/p>\n","protected":false},"author":1,"featured_media":0,"parent":0,"menu_order":0,"comment_status":"closed","ping_status":"closed","template":"","meta":{"footnotes":""},"class_list":["post-50","page","type-page","status-publish","hentry"],"yoast_head":"<!-- This site is optimized with the Yoast SEO plugin v26.3 - https:\/\/yoast.com\/wordpress\/plugins\/seo\/ -->\n<title>Films - Astrena Distribution<\/title>\n<meta name=\"robots\" content=\"noindex, nofollow\" \/>\n<meta property=\"og:locale\" content=\"fr_FR\" \/>\n<meta property=\"og:type\" content=\"article\" \/>\n<meta property=\"og:title\" content=\"Films - Astrena Distribution\" \/>\n<meta property=\"og:description\" content=\"Nos films Mirari Mirari est le premier long m\u00e9trage de J\u00e9r\u00e9mie Brunel. On y suit Arthur, un ado en d\u00e9crochage scolaire qui s\u2019isole et photographie le monde comme pour en stabiliser les contours. Quand ses parents veulent liquider l\u2019ancien magasin de son grand-p\u00e8re, Arthur s\u2019y r\u00e9fugie et d\u00e9cide d\u2019en pr\u00e9server l\u2019h\u00e9ritage, co\u00fbte que co\u00fbte. Ses [&hellip;]\" \/>\n<meta property=\"og:url\" content=\"https:\/\/astrena.fr\/index.php\/films\/\" \/>\n<meta property=\"og:site_name\" content=\"Astrena Distribution\" \/>\n<meta property=\"article:modified_time\" content=\"2025-11-11T15:25:19+00:00\" \/>\n<meta property=\"og:image\" content=\"https:\/\/astrena.fr\/wp-content\/uploads\/2025\/11\/Mirari-1.jpg\" \/>\n\t<meta property=\"og:image:width\" content=\"1024\" \/>\n\t<meta property=\"og:image:height\" content=\"1536\" \/>\n\t<meta property=\"og:image:type\" content=\"image\/jpeg\" \/>\n<meta name=\"twitter:card\" content=\"summary_large_image\" \/>\n<meta name=\"twitter:label1\" content=\"Dur\u00e9e de lecture estim\u00e9e\" \/>\n\t<meta name=\"twitter:data1\" content=\"2 minutes\" \/>\n<script type=\"application\/ld+json\" class=\"yoast-schema-graph\">{\"@context\":\"https:\/\/schema.org\",\"@graph\":[{\"@type\":\"WebPage\",\"@id\":\"https:\/\/astrena.fr\/index.php\/films\/\",\"url\":\"https:\/\/astrena.fr\/index.php\/films\/\",\"name\":\"Films - Astrena Distribution\",\"isPartOf\":{\"@id\":\"https:\/\/astrena.fr\/#website\"},\"primaryImageOfPage\":{\"@id\":\"https:\/\/astrena.fr\/index.php\/films\/#primaryimage\"},\"image\":{\"@id\":\"https:\/\/astrena.fr\/index.php\/films\/#primaryimage\"},\"thumbnailUrl\":\"https:\/\/astrena.fr\/wp-content\/uploads\/2025\/11\/Mirari-1-683x1024.jpg\",\"datePublished\":\"2025-11-11T10:06:30+00:00\",\"dateModified\":\"2025-11-11T15:25:19+00:00\",\"breadcrumb\":{\"@id\":\"https:\/\/astrena.fr\/index.php\/films\/#breadcrumb\"},\"inLanguage\":\"fr-FR\",\"potentialAction\":[{\"@type\":\"ReadAction\",\"target\":[\"https:\/\/astrena.fr\/index.php\/films\/\"]}]},{\"@type\":\"ImageObject\",\"inLanguage\":\"fr-FR\",\"@id\":\"https:\/\/astrena.fr\/index.php\/films\/#primaryimage\",\"url\":\"https:\/\/astrena.fr\/wp-content\/uploads\/2025\/11\/Mirari-1.jpg\",\"contentUrl\":\"https:\/\/astrena.fr\/wp-content\/uploads\/2025\/11\/Mirari-1.jpg\",\"width\":1024,\"height\":1536},{\"@type\":\"BreadcrumbList\",\"@id\":\"https:\/\/astrena.fr\/index.php\/films\/#breadcrumb\",\"itemListElement\":[{\"@type\":\"ListItem\",\"position\":1,\"name\":\"Accueil\",\"item\":\"https:\/\/astrena.fr\/\"},{\"@type\":\"ListItem\",\"position\":2,\"name\":\"Films\"}]},{\"@type\":\"WebSite\",\"@id\":\"https:\/\/astrena.fr\/#website\",\"url\":\"https:\/\/astrena.fr\/\",\"name\":\"Astrena Distribution\",\"description\":\"\",\"publisher\":{\"@id\":\"https:\/\/astrena.fr\/#organization\"},\"potentialAction\":[{\"@type\":\"SearchAction\",\"target\":{\"@type\":\"EntryPoint\",\"urlTemplate\":\"https:\/\/astrena.fr\/?s={search_term_string}\"},\"query-input\":{\"@type\":\"PropertyValueSpecification\",\"valueRequired\":true,\"valueName\":\"search_term_string\"}}],\"inLanguage\":\"fr-FR\"},{\"@type\":\"Organization\",\"@id\":\"https:\/\/astrena.fr\/#organization\",\"name\":\"Astrena Distribution\",\"url\":\"https:\/\/astrena.fr\/\",\"logo\":{\"@type\":\"ImageObject\",\"inLanguage\":\"fr-FR\",\"@id\":\"https:\/\/astrena.fr\/#\/schema\/logo\/image\/\",\"url\":\"https:\/\/astrena.fr\/wp-content\/uploads\/2025\/11\/Astrena-Distribution-v4.png\",\"contentUrl\":\"https:\/\/astrena.fr\/wp-content\/uploads\/2025\/11\/Astrena-Distribution-v4.png\",\"width\":512,\"height\":512,\"caption\":\"Astrena Distribution\"},\"image\":{\"@id\":\"https:\/\/astrena.fr\/#\/schema\/logo\/image\/\"}}]}<\/script>\n<!-- \/ Yoast SEO plugin. -->","yoast_head_json":{"title":"Films - Astrena Distribution","robots":{"index":"noindex","follow":"nofollow"},"og_locale":"fr_FR","og_type":"article","og_title":"Films - Astrena Distribution","og_description":"Nos films Mirari Mirari est le premier long m\u00e9trage de J\u00e9r\u00e9mie Brunel. On y suit Arthur, un ado en d\u00e9crochage scolaire qui s\u2019isole et photographie le monde comme pour en stabiliser les contours. Quand ses parents veulent liquider l\u2019ancien magasin de son grand-p\u00e8re, Arthur s\u2019y r\u00e9fugie et d\u00e9cide d\u2019en pr\u00e9server l\u2019h\u00e9ritage, co\u00fbte que co\u00fbte. Ses [&hellip;]","og_url":"https:\/\/astrena.fr\/index.php\/films\/","og_site_name":"Astrena Distribution","article_modified_time":"2025-11-11T15:25:19+00:00","og_image":[{"width":1024,"height":1536,"url":"https:\/\/astrena.fr\/wp-content\/uploads\/2025\/11\/Mirari-1.jpg","type":"image\/jpeg"}],"twitter_card":"summary_large_image","twitter_misc":{"Dur\u00e9e de lecture estim\u00e9e":"2 minutes"},"schema":{"@context":"https:\/\/schema.org","@graph":[{"@type":"WebPage","@id":"https:\/\/astrena.fr\/index.php\/films\/","url":"https:\/\/astrena.fr\/index.php\/films\/","name":"Films - Astrena Distribution","isPartOf":{"@id":"https:\/\/astrena.fr\/#website"},"primaryImageOfPage":{"@id":"https:\/\/astrena.fr\/index.php\/films\/#primaryimage"},"image":{"@id":"https:\/\/astrena.fr\/index.php\/films\/#primaryimage"},"thumbnailUrl":"https:\/\/astrena.fr\/wp-content\/uploads\/2025\/11\/Mirari-1-683x1024.jpg","datePublished":"2025-11-11T10:06:30+00:00","dateModified":"2025-11-11T15:25:19+00:00","breadcrumb":{"@id":"https:\/\/astrena.fr\/index.php\/films\/#breadcrumb"},"inLanguage":"fr-FR","potentialAction":[{"@type":"ReadAction","target":["https:\/\/astrena.fr\/index.php\/films\/"]}]},{"@type":"ImageObject","inLanguage":"fr-FR","@id":"https:\/\/astrena.fr\/index.php\/films\/#primaryimage","url":"https:\/\/astrena.fr\/wp-content\/uploads\/2025\/11\/Mirari-1.jpg","contentUrl":"https:\/\/astrena.fr\/wp-content\/uploads\/2025\/11\/Mirari-1.jpg","width":1024,"height":1536},{"@type":"BreadcrumbList","@id":"https:\/\/astrena.fr\/index.php\/films\/#breadcrumb","itemListElement":[{"@type":"ListItem","position":1,"name":"Accueil","item":"https:\/\/astrena.fr\/"},{"@type":"ListItem","position":2,"name":"Films"}]},{"@type":"WebSite","@id":"https:\/\/astrena.fr\/#website","url":"https:\/\/astrena.fr\/","name":"Astrena Distribution","description":"","publisher":{"@id":"https:\/\/astrena.fr\/#organization"},"potentialAction":[{"@type":"SearchAction","target":{"@type":"EntryPoint","urlTemplate":"https:\/\/astrena.fr\/?s={search_term_string}"},"query-input":{"@type":"PropertyValueSpecification","valueRequired":true,"valueName":"search_term_string"}}],"inLanguage":"fr-FR"},{"@type":"Organization","@id":"https:\/\/astrena.fr\/#organization","name":"Astrena Distribution","url":"https:\/\/astrena.fr\/","logo":{"@type":"ImageObject","inLanguage":"fr-FR","@id":"https:\/\/astrena.fr\/#\/schema\/logo\/image\/","url":"https:\/\/astrena.fr\/wp-content\/uploads\/2025\/11\/Astrena-Distribution-v4.png","contentUrl":"https:\/\/astrena.fr\/wp-content\/uploads\/2025\/11\/Astrena-Distribution-v4.png","width":512,"height":512,"caption":"Astrena Distribution"},"image":{"@id":"https:\/\/astrena.fr\/#\/schema\/logo\/image\/"}}]}},"_links":{"self":[{"href":"https:\/\/astrena.fr\/index.php\/wp-json\/wp\/v2\/pages\/50","targetHints":{"allow":["GET"]}}],"collection":[{"href":"https:\/\/astrena.fr\/index.php\/wp-json\/wp\/v2\/pages"}],"about":[{"href":"https:\/\/astrena.fr\/index.php\/wp-json\/wp\/v2\/types\/page"}],"author":[{"embeddable":true,"href":"https:\/\/astrena.fr\/index.php\/wp-json\/wp\/v2\/users\/1"}],"replies":[{"embeddable":true,"href":"https:\/\/astrena.fr\/index.php\/wp-json\/wp\/v2\/comments?post=50"}],"version-history":[{"count":16,"href":"https:\/\/astrena.fr\/index.php\/wp-json\/wp\/v2\/pages\/50\/revisions"}],"predecessor-version":[{"id":176,"href":"https:\/\/astrena.fr\/index.php\/wp-json\/wp\/v2\/pages\/50\/revisions\/176"}],"wp:attachment":[{"href":"https:\/\/astrena.fr\/index.php\/wp-json\/wp\/v2\/media?parent=50"}],"curies":[{"name":"wp","href":"https:\/\/api.w.org\/{rel}","templated":true}]}}