{"id":54,"date":"2025-11-11T10:07:13","date_gmt":"2025-11-11T10:07:13","guid":{"rendered":"https:\/\/astrena.fr\/?page_id=54"},"modified":"2025-11-11T15:26:23","modified_gmt":"2025-11-11T15:26:23","slug":"mentions-legales","status":"publish","type":"page","link":"https:\/\/astrena.fr\/index.php\/mentions-legales\/","title":{"rendered":"Mentions l\u00e9gales"},"content":{"rendered":"\t\t<div data-elementor-type=\"wp-page\" data-elementor-id=\"54\" class=\"elementor elementor-54\">\n\t\t\t\t<div class=\"elementor-element elementor-element-6cc96b2 e-flex e-con-boxed e-con e-parent\" data-id=\"6cc96b2\" data-element_type=\"container\">\n\t\t\t\t\t<div class=\"e-con-inner\">\n\t\t\t\t<div class=\"elementor-element elementor-element-e15f44a elementor-widget elementor-widget-heading\" data-id=\"e15f44a\" data-element_type=\"widget\" data-widget_type=\"heading.default\">\n\t\t\t\t\t<h4 class=\"elementor-heading-title elementor-size-default\">\u00c9diteur<\/h4>\t\t\t\t<\/div>\n\t\t\t\t\t<\/div>\n\t\t\t\t<\/div>\n\t\t<div class=\"elementor-element elementor-element-eb3a914 e-flex e-con-boxed e-con e-parent\" data-id=\"eb3a914\" data-element_type=\"container\">\n\t\t\t\t\t<div class=\"e-con-inner\">\n\t\t\t\t<div class=\"elementor-element elementor-element-b7f1503 elementor-widget elementor-widget-text-editor\" data-id=\"b7f1503\" data-element_type=\"widget\" data-widget_type=\"text-editor.default\">\n\t\t\t\t\t\t\t\t\t<p><b>Soci\u00e9t\u00e9 Fran\u00e7aise du Cin\u00e9ma<\/b><br \/>8 rue du faubourg Poissonni\u00e8re<br \/>SAS au capital de 45.000\u20ac enregistr\u00e9e au RCS de Paris sous le N\u00b0 881 682 058\u00a0<br \/>N\u00b0 de TVA intracommunautaire : FR37881682058<br \/>T\u00e9l : 0033 +1 89 16 54 88<\/p><p>Directeur de la publication : Olivier Bernaert<\/p>\t\t\t\t\t\t\t\t<\/div>\n\t\t\t\t\t<\/div>\n\t\t\t\t<\/div>\n\t\t<div class=\"elementor-element elementor-element-6539ce2 e-flex e-con-boxed e-con e-parent\" data-id=\"6539ce2\" data-element_type=\"container\">\n\t\t\t\t\t<div class=\"e-con-inner\">\n\t\t\t\t<div class=\"elementor-element elementor-element-59be66c elementor-widget elementor-widget-heading\" data-id=\"59be66c\" data-element_type=\"widget\" data-widget_type=\"heading.default\">\n\t\t\t\t\t<h4 class=\"elementor-heading-title elementor-size-default\">H\u00e9bergement<\/h4>\t\t\t\t<\/div>\n\t\t\t\t\t<\/div>\n\t\t\t\t<\/div>\n\t\t<div class=\"elementor-element elementor-element-7765252 e-flex e-con-boxed e-con e-parent\" data-id=\"7765252\" data-element_type=\"container\">\n\t\t\t\t\t<div class=\"e-con-inner\">\n\t\t\t\t<div class=\"elementor-element elementor-element-30306d4 elementor-widget elementor-widget-text-editor\" data-id=\"30306d4\" data-element_type=\"widget\" data-widget_type=\"text-editor.default\">\n\t\t\t\t\t\t\t\t\t<p>Ce site internet est h\u00e9berg\u00e9 par la soci\u00e9t\u00e9 OVH Cloud au 2 rue Kellermann 59100 Roubaix.<\/p>\t\t\t\t\t\t\t\t<\/div>\n\t\t\t\t\t<\/div>\n\t\t\t\t<\/div>\n\t\t<div class=\"elementor-element elementor-element-42ef1c4 e-flex e-con-boxed e-con e-parent\" data-id=\"42ef1c4\" data-element_type=\"container\">\n\t\t\t\t\t<div class=\"e-con-inner\">\n\t\t\t\t<div class=\"elementor-element elementor-element-dd92622 elementor-widget elementor-widget-heading\" data-id=\"dd92622\" data-element_type=\"widget\" data-widget_type=\"heading.default\">\n\t\t\t\t\t<h4 class=\"elementor-heading-title elementor-size-default\">CNC<\/h4>\t\t\t\t<\/div>\n\t\t\t\t\t<\/div>\n\t\t\t\t<\/div>\n\t\t<div class=\"elementor-element elementor-element-ee7eeeb e-flex e-con-boxed e-con e-parent\" data-id=\"ee7eeeb\" data-element_type=\"container\">\n\t\t\t\t\t<div class=\"e-con-inner\">\n\t\t\t\t<div class=\"elementor-element elementor-element-13b9565 elementor-widget elementor-widget-text-editor\" data-id=\"13b9565\" data-element_type=\"widget\" data-widget_type=\"text-editor.default\">\n\t\t\t\t\t\t\t\t\t<div>La Soci\u00e9t\u00e9 Fran\u00e7aise du Cin\u00e9ma est enregistr\u00e9e aupr\u00e8s du Centre National du Cin\u00e9ma et de l\u2019Image anim\u00e9e pour ses diff\u00e9rentes activit\u00e9s aupr\u00e8s du service de soutien \u00e0 la production et \u00e0 la distribution :\u00a0<\/div><ul><li>Producteur de longs m\u00e9trages : N\u00b011226<\/li><li>Producteur de courts m\u00e9trages : N\u00b015716<\/li><li>Distributeur de films : N\u00b05963<\/li><li>Import\/Export de films : N\u00b08375\u00a0<\/li><\/ul><div>Astrena Distribution est une marque de la Soci\u00e9t\u00e9 Fran\u00e7aise du Cin\u00e9ma d\u00e9pos\u00e9e aupr\u00e8s de l&rsquo;Institut National de la Propri\u00e9t\u00e9 Industrielle.\u00a0<\/div>\t\t\t\t\t\t\t\t<\/div>\n\t\t\t\t\t<\/div>\n\t\t\t\t<\/div>\n\t\t<div class=\"elementor-element elementor-element-be64838 e-flex e-con-boxed e-con e-parent\" data-id=\"be64838\" data-element_type=\"container\">\n\t\t\t\t\t<div class=\"e-con-inner\">\n\t\t\t\t<div class=\"elementor-element elementor-element-dd1ba48 elementor-widget elementor-widget-spacer\" data-id=\"dd1ba48\" data-element_type=\"widget\" data-widget_type=\"spacer.default\">\n\t\t\t\t\t\t\t<div class=\"elementor-spacer\">\n\t\t\t<div class=\"elementor-spacer-inner\"><\/div>\n\t\t<\/div>\n\t\t\t\t\t\t<\/div>\n\t\t\t\t\t<\/div>\n\t\t\t\t<\/div>\n\t\t\t\t<\/div>\n\t\t","protected":false},"excerpt":{"rendered":"<p>\u00c9diteur Soci\u00e9t\u00e9 Fran\u00e7aise du Cin\u00e9ma8 rue du faubourg Poissonni\u00e8reSAS au capital de 45.000\u20ac enregistr\u00e9e au RCS de Paris sous le N\u00b0 881 682 058\u00a0N\u00b0 de TVA intracommunautaire : FR37881682058T\u00e9l : 0033 +1 89 16 54 88 Directeur de la publication : Olivier Bernaert H\u00e9bergement Ce site internet est h\u00e9berg\u00e9 par la soci\u00e9t\u00e9 OVH Cloud au [&hellip;]<\/p>\n","protected":false},"author":1,"featured_media":0,"parent":0,"menu_order":0,"comment_status":"closed","ping_status":"closed","template":"","meta":{"footnotes":""},"class_list":["post-54","page","type-page","status-publish","hentry"],"yoast_head":"<!-- This site is optimized with the Yoast SEO plugin v26.3 - https:\/\/yoast.com\/wordpress\/plugins\/seo\/ -->\n<title>Mentions l\u00e9gales - Astrena Distribution<\/title>\n<meta name=\"robots\" content=\"noindex, nofollow\" \/>\n<meta property=\"og:locale\" content=\"fr_FR\" \/>\n<meta property=\"og:type\" content=\"article\" \/>\n<meta property=\"og:title\" content=\"Mentions l\u00e9gales - Astrena Distribution\" \/>\n<meta property=\"og:description\" content=\"\u00c9diteur Soci\u00e9t\u00e9 Fran\u00e7aise du Cin\u00e9ma8 rue du faubourg Poissonni\u00e8reSAS au capital de 45.000\u20ac enregistr\u00e9e au RCS de Paris sous le N\u00b0 881 682 058\u00a0N\u00b0 de TVA intracommunautaire : FR37881682058T\u00e9l : 0033 +1 89 16 54 88 Directeur de la publication : Olivier Bernaert H\u00e9bergement Ce site internet est h\u00e9berg\u00e9 par la soci\u00e9t\u00e9 OVH Cloud au [&hellip;]\" \/>\n<meta property=\"og:url\" content=\"https:\/\/astrena.fr\/index.php\/mentions-legales\/\" \/>\n<meta property=\"og:site_name\" content=\"Astrena Distribution\" \/>\n<meta property=\"article:modified_time\" content=\"2025-11-11T15:26:23+00:00\" \/>\n<meta name=\"twitter:card\" content=\"summary_large_image\" \/>\n<meta name=\"twitter:label1\" content=\"Dur\u00e9e de lecture estim\u00e9e\" \/>\n\t<meta name=\"twitter:data1\" content=\"1 minute\" \/>\n<script type=\"application\/ld+json\" class=\"yoast-schema-graph\">{\"@context\":\"https:\/\/schema.org\",\"@graph\":[{\"@type\":\"WebPage\",\"@id\":\"https:\/\/astrena.fr\/index.php\/mentions-legales\/\",\"url\":\"https:\/\/astrena.fr\/index.php\/mentions-legales\/\",\"name\":\"Mentions l\u00e9gales - Astrena Distribution\",\"isPartOf\":{\"@id\":\"https:\/\/astrena.fr\/#website\"},\"datePublished\":\"2025-11-11T10:07:13+00:00\",\"dateModified\":\"2025-11-11T15:26:23+00:00\",\"breadcrumb\":{\"@id\":\"https:\/\/astrena.fr\/index.php\/mentions-legales\/#breadcrumb\"},\"inLanguage\":\"fr-FR\",\"potentialAction\":[{\"@type\":\"ReadAction\",\"target\":[\"https:\/\/astrena.fr\/index.php\/mentions-legales\/\"]}]},{\"@type\":\"BreadcrumbList\",\"@id\":\"https:\/\/astrena.fr\/index.php\/mentions-legales\/#breadcrumb\",\"itemListElement\":[{\"@type\":\"ListItem\",\"position\":1,\"name\":\"Accueil\",\"item\":\"https:\/\/astrena.fr\/\"},{\"@type\":\"ListItem\",\"position\":2,\"name\":\"Mentions l\u00e9gales\"}]},{\"@type\":\"WebSite\",\"@id\":\"https:\/\/astrena.fr\/#website\",\"url\":\"https:\/\/astrena.fr\/\",\"name\":\"Astrena Distribution\",\"description\":\"\",\"publisher\":{\"@id\":\"https:\/\/astrena.fr\/#organization\"},\"potentialAction\":[{\"@type\":\"SearchAction\",\"target\":{\"@type\":\"EntryPoint\",\"urlTemplate\":\"https:\/\/astrena.fr\/?s={search_term_string}\"},\"query-input\":{\"@type\":\"PropertyValueSpecification\",\"valueRequired\":true,\"valueName\":\"search_term_string\"}}],\"inLanguage\":\"fr-FR\"},{\"@type\":\"Organization\",\"@id\":\"https:\/\/astrena.fr\/#organization\",\"name\":\"Astrena Distribution\",\"url\":\"https:\/\/astrena.fr\/\",\"logo\":{\"@type\":\"ImageObject\",\"inLanguage\":\"fr-FR\",\"@id\":\"https:\/\/astrena.fr\/#\/schema\/logo\/image\/\",\"url\":\"https:\/\/astrena.fr\/wp-content\/uploads\/2025\/11\/Astrena-Distribution-v4.png\",\"contentUrl\":\"https:\/\/astrena.fr\/wp-content\/uploads\/2025\/11\/Astrena-Distribution-v4.png\",\"width\":512,\"height\":512,\"caption\":\"Astrena Distribution\"},\"image\":{\"@id\":\"https:\/\/astrena.fr\/#\/schema\/logo\/image\/\"}}]}<\/script>\n<!-- \/ Yoast SEO plugin. -->","yoast_head_json":{"title":"Mentions l\u00e9gales - Astrena Distribution","robots":{"index":"noindex","follow":"nofollow"},"og_locale":"fr_FR","og_type":"article","og_title":"Mentions l\u00e9gales - Astrena Distribution","og_description":"\u00c9diteur Soci\u00e9t\u00e9 Fran\u00e7aise du Cin\u00e9ma8 rue du faubourg Poissonni\u00e8reSAS au capital de 45.000\u20ac enregistr\u00e9e au RCS de Paris sous le N\u00b0 881 682 058\u00a0N\u00b0 de TVA intracommunautaire : FR37881682058T\u00e9l : 0033 +1 89 16 54 88 Directeur de la publication : Olivier Bernaert H\u00e9bergement Ce site internet est h\u00e9berg\u00e9 par la soci\u00e9t\u00e9 OVH Cloud au [&hellip;]","og_url":"https:\/\/astrena.fr\/index.php\/mentions-legales\/","og_site_name":"Astrena Distribution","article_modified_time":"2025-11-11T15:26:23+00:00","twitter_card":"summary_large_image","twitter_misc":{"Dur\u00e9e de lecture estim\u00e9e":"1 minute"},"schema":{"@context":"https:\/\/schema.org","@graph":[{"@type":"WebPage","@id":"https:\/\/astrena.fr\/index.php\/mentions-legales\/","url":"https:\/\/astrena.fr\/index.php\/mentions-legales\/","name":"Mentions l\u00e9gales - Astrena Distribution","isPartOf":{"@id":"https:\/\/astrena.fr\/#website"},"datePublished":"2025-11-11T10:07:13+00:00","dateModified":"2025-11-11T15:26:23+00:00","breadcrumb":{"@id":"https:\/\/astrena.fr\/index.php\/mentions-legales\/#breadcrumb"},"inLanguage":"fr-FR","potentialAction":[{"@type":"ReadAction","target":["https:\/\/astrena.fr\/index.php\/mentions-legales\/"]}]},{"@type":"BreadcrumbList","@id":"https:\/\/astrena.fr\/index.php\/mentions-legales\/#breadcrumb","itemListElement":[{"@type":"ListItem","position":1,"name":"Accueil","item":"https:\/\/astrena.fr\/"},{"@type":"ListItem","position":2,"name":"Mentions l\u00e9gales"}]},{"@type":"WebSite","@id":"https:\/\/astrena.fr\/#website","url":"https:\/\/astrena.fr\/","name":"Astrena Distribution","description":"","publisher":{"@id":"https:\/\/astrena.fr\/#organization"},"potentialAction":[{"@type":"SearchAction","target":{"@type":"EntryPoint","urlTemplate":"https:\/\/astrena.fr\/?s={search_term_string}"},"query-input":{"@type":"PropertyValueSpecification","valueRequired":true,"valueName":"search_term_string"}}],"inLanguage":"fr-FR"},{"@type":"Organization","@id":"https:\/\/astrena.fr\/#organization","name":"Astrena Distribution","url":"https:\/\/astrena.fr\/","logo":{"@type":"ImageObject","inLanguage":"fr-FR","@id":"https:\/\/astrena.fr\/#\/schema\/logo\/image\/","url":"https:\/\/astrena.fr\/wp-content\/uploads\/2025\/11\/Astrena-Distribution-v4.png","contentUrl":"https:\/\/astrena.fr\/wp-content\/uploads\/2025\/11\/Astrena-Distribution-v4.png","width":512,"height":512,"caption":"Astrena Distribution"},"image":{"@id":"https:\/\/astrena.fr\/#\/schema\/logo\/image\/"}}]}},"_links":{"self":[{"href":"https:\/\/astrena.fr\/index.php\/wp-json\/wp\/v2\/pages\/54","targetHints":{"allow":["GET"]}}],"collection":[{"href":"https:\/\/astrena.fr\/index.php\/wp-json\/wp\/v2\/pages"}],"about":[{"href":"https:\/\/astrena.fr\/index.php\/wp-json\/wp\/v2\/types\/page"}],"author":[{"embeddable":true,"href":"https:\/\/astrena.fr\/index.php\/wp-json\/wp\/v2\/users\/1"}],"replies":[{"embeddable":true,"href":"https:\/\/astrena.fr\/index.php\/wp-json\/wp\/v2\/comments?post=54"}],"version-history":[{"count":11,"href":"https:\/\/astrena.fr\/index.php\/wp-json\/wp\/v2\/pages\/54\/revisions"}],"predecessor-version":[{"id":179,"href":"https:\/\/astrena.fr\/index.php\/wp-json\/wp\/v2\/pages\/54\/revisions\/179"}],"wp:attachment":[{"href":"https:\/\/astrena.fr\/index.php\/wp-json\/wp\/v2\/media?parent=54"}],"curies":[{"name":"wp","href":"https:\/\/api.w.org\/{rel}","templated":true}]}}