{"id":57,"date":"2025-11-11T10:07:45","date_gmt":"2025-11-11T10:07:45","guid":{"rendered":"https:\/\/astrena.fr\/?page_id=57"},"modified":"2025-11-16T10:15:01","modified_gmt":"2025-11-16T10:15:01","slug":"edito","status":"publish","type":"page","link":"https:\/\/astrena.fr\/index.php\/edito\/","title":{"rendered":"Edito"},"content":{"rendered":"\t\t<div data-elementor-type=\"wp-page\" data-elementor-id=\"57\" class=\"elementor elementor-57\">\n\t\t\t\t<div class=\"elementor-element elementor-element-0f5006c e-flex e-con-boxed e-con e-parent\" data-id=\"0f5006c\" data-element_type=\"container\">\n\t\t\t\t\t<div class=\"e-con-inner\">\n\t\t\t\t<div class=\"elementor-element elementor-element-d8cf3bb elementor-widget elementor-widget-heading\" data-id=\"d8cf3bb\" data-element_type=\"widget\" data-widget_type=\"heading.default\">\n\t\t\t\t\t<h2 class=\"elementor-heading-title elementor-size-default\">\u00c9dito<\/h2>\t\t\t\t<\/div>\n\t\t\t\t\t<\/div>\n\t\t\t\t<\/div>\n\t\t<div class=\"elementor-element elementor-element-61f71e7 e-flex e-con-boxed e-con e-parent\" data-id=\"61f71e7\" data-element_type=\"container\">\n\t\t\t\t\t<div class=\"e-con-inner\">\n\t\t\t\t<div class=\"elementor-element elementor-element-ec7b1a6 elementor-widget elementor-widget-text-editor\" data-id=\"ec7b1a6\" data-element_type=\"widget\" data-widget_type=\"text-editor.default\">\n\t\t\t\t\t\t\t\t\t<p>Astrena Distribution est l&rsquo;unit\u00e9 de distribution France de la Soci\u00e9t\u00e9 Fran\u00e7aise du Cin\u00e9ma.<br \/>Le label na\u00eet d\u2019une volont\u00e9 affirm\u00e9e : <em>garantir l\u2019ind\u00e9pendance de notre ligne \u00e9ditoriale et faire que nos films rencontrent leur public.\u00a0<\/em><\/p><p><em><br \/><\/em>En tant que producteur cin\u00e9matographique et distributeur ind\u00e9pendant, nous orchestrons cette rencontre, avec exigence, curiosit\u00e9 et sens du temps long.<br \/>Chaque sortie est une strat\u00e9gie sur-mesure. Nous tissons des campagnes qui racontent, plut\u00f4t que d\u2019ass\u00e9ner, pour cr\u00e9er le d\u00e9sir durable.<br \/>Alli\u00e9s des exploitants, nous pensons la salle comme une exp\u00e9rience, comme un lieu d&rsquo;\u00e9changes et de rencontres.\u00a0Des festivals au dernier fauteuil, nous accompagnons les films jusqu\u2019\u00e0 leur meilleure vie.<\/p><p>Nous d\u00e9fendons des regards singuliers et accessibles. Notre ligne d\u00e9fend des programmes forts, toute forme d&rsquo;arts et sommes tr\u00e8s attach\u00e9s \u00e0 la libert\u00e9 de cr\u00e9ation.\u00a0\u00a0<br \/>Notre catalogue valorise diff\u00e9rents formats : fictions, documentaires, animation, formats hybrides.<br \/>Nous croyons aux r\u00e9cits responsables : inclusion des talents, \u00e9coresponsabilit\u00e9, accessibilit\u00e9.<br data-start=\"1080\" data-end=\"1083\" \/>Nous n\u00e9gocions les fen\u00eatres avec rigueur, pour servir la valeur et respecter les usages.<\/p><p>Astrena, c\u2019est une maison de distribution qui fait circuler les \u0153uvres et agrandit leur horizon.<\/p><p>\u00a0<\/p>\t\t\t\t\t\t\t\t<\/div>\n\t\t\t\t\t<\/div>\n\t\t\t\t<\/div>\n\t\t<div class=\"elementor-element elementor-element-3c0c11a e-flex e-con-boxed e-con e-parent\" data-id=\"3c0c11a\" data-element_type=\"container\">\n\t\t\t\t\t<div class=\"e-con-inner\">\n\t\t\t\t<div class=\"elementor-element elementor-element-a3166ab elementor-widget elementor-widget-text-editor\" data-id=\"a3166ab\" data-element_type=\"widget\" data-widget_type=\"text-editor.default\">\n\t\t\t\t\t\t\t\t\t<h6><a href=\"https:\/\/www.sfdc.fr\/wp-content\/uploads\/2025\/11\/Edito-Societe-Francaise-du-Cinema.pdf\"><em>Vers l&rsquo;\u00e9dito complet<\/em><\/a><\/h6>\t\t\t\t\t\t\t\t<\/div>\n\t\t\t\t\t<\/div>\n\t\t\t\t<\/div>\n\t\t<div class=\"elementor-element elementor-element-79e017d e-flex e-con-boxed e-con e-parent\" data-id=\"79e017d\" data-element_type=\"container\">\n\t\t\t\t\t<div class=\"e-con-inner\">\n\t\t\t\t<div class=\"elementor-element elementor-element-bd3be04 elementor-widget elementor-widget-spacer\" data-id=\"bd3be04\" data-element_type=\"widget\" data-widget_type=\"spacer.default\">\n\t\t\t\t\t\t\t<div class=\"elementor-spacer\">\n\t\t\t<div class=\"elementor-spacer-inner\"><\/div>\n\t\t<\/div>\n\t\t\t\t\t\t<\/div>\n\t\t\t\t\t<\/div>\n\t\t\t\t<\/div>\n\t\t\t\t<\/div>\n\t\t","protected":false},"excerpt":{"rendered":"<p>\u00c9dito Astrena Distribution est l&rsquo;unit\u00e9 de distribution France de la Soci\u00e9t\u00e9 Fran\u00e7aise du Cin\u00e9ma.Le label na\u00eet d\u2019une volont\u00e9 affirm\u00e9e : garantir l\u2019ind\u00e9pendance de notre ligne \u00e9ditoriale et faire que nos films rencontrent leur public.\u00a0 En tant que producteur cin\u00e9matographique et distributeur ind\u00e9pendant, nous orchestrons cette rencontre, avec exigence, curiosit\u00e9 et sens du temps long.Chaque sortie [&hellip;]<\/p>\n","protected":false},"author":1,"featured_media":0,"parent":0,"menu_order":0,"comment_status":"closed","ping_status":"closed","template":"","meta":{"footnotes":""},"class_list":["post-57","page","type-page","status-publish","hentry"],"yoast_head":"<!-- This site is optimized with the Yoast SEO plugin v26.3 - https:\/\/yoast.com\/wordpress\/plugins\/seo\/ -->\n<title>Edito - Astrena Distribution<\/title>\n<meta name=\"robots\" content=\"noindex, nofollow\" \/>\n<meta property=\"og:locale\" content=\"fr_FR\" \/>\n<meta property=\"og:type\" content=\"article\" \/>\n<meta property=\"og:title\" content=\"Edito - Astrena Distribution\" \/>\n<meta property=\"og:description\" content=\"\u00c9dito Astrena Distribution est l&rsquo;unit\u00e9 de distribution France de la Soci\u00e9t\u00e9 Fran\u00e7aise du Cin\u00e9ma.Le label na\u00eet d\u2019une volont\u00e9 affirm\u00e9e : garantir l\u2019ind\u00e9pendance de notre ligne \u00e9ditoriale et faire que nos films rencontrent leur public.\u00a0 En tant que producteur cin\u00e9matographique et distributeur ind\u00e9pendant, nous orchestrons cette rencontre, avec exigence, curiosit\u00e9 et sens du temps long.Chaque sortie [&hellip;]\" \/>\n<meta property=\"og:url\" content=\"https:\/\/astrena.fr\/index.php\/edito\/\" \/>\n<meta property=\"og:site_name\" content=\"Astrena Distribution\" \/>\n<meta property=\"article:modified_time\" content=\"2025-11-16T10:15:01+00:00\" \/>\n<meta name=\"twitter:card\" content=\"summary_large_image\" \/>\n<meta name=\"twitter:label1\" content=\"Dur\u00e9e de lecture estim\u00e9e\" \/>\n\t<meta name=\"twitter:data1\" content=\"1 minute\" \/>\n<script type=\"application\/ld+json\" class=\"yoast-schema-graph\">{\"@context\":\"https:\/\/schema.org\",\"@graph\":[{\"@type\":\"WebPage\",\"@id\":\"https:\/\/astrena.fr\/index.php\/edito\/\",\"url\":\"https:\/\/astrena.fr\/index.php\/edito\/\",\"name\":\"Edito - Astrena Distribution\",\"isPartOf\":{\"@id\":\"https:\/\/astrena.fr\/#website\"},\"datePublished\":\"2025-11-11T10:07:45+00:00\",\"dateModified\":\"2025-11-16T10:15:01+00:00\",\"breadcrumb\":{\"@id\":\"https:\/\/astrena.fr\/index.php\/edito\/#breadcrumb\"},\"inLanguage\":\"fr-FR\",\"potentialAction\":[{\"@type\":\"ReadAction\",\"target\":[\"https:\/\/astrena.fr\/index.php\/edito\/\"]}]},{\"@type\":\"BreadcrumbList\",\"@id\":\"https:\/\/astrena.fr\/index.php\/edito\/#breadcrumb\",\"itemListElement\":[{\"@type\":\"ListItem\",\"position\":1,\"name\":\"Accueil\",\"item\":\"https:\/\/astrena.fr\/\"},{\"@type\":\"ListItem\",\"position\":2,\"name\":\"Edito\"}]},{\"@type\":\"WebSite\",\"@id\":\"https:\/\/astrena.fr\/#website\",\"url\":\"https:\/\/astrena.fr\/\",\"name\":\"Astrena Distribution\",\"description\":\"\",\"publisher\":{\"@id\":\"https:\/\/astrena.fr\/#organization\"},\"potentialAction\":[{\"@type\":\"SearchAction\",\"target\":{\"@type\":\"EntryPoint\",\"urlTemplate\":\"https:\/\/astrena.fr\/?s={search_term_string}\"},\"query-input\":{\"@type\":\"PropertyValueSpecification\",\"valueRequired\":true,\"valueName\":\"search_term_string\"}}],\"inLanguage\":\"fr-FR\"},{\"@type\":\"Organization\",\"@id\":\"https:\/\/astrena.fr\/#organization\",\"name\":\"Astrena Distribution\",\"url\":\"https:\/\/astrena.fr\/\",\"logo\":{\"@type\":\"ImageObject\",\"inLanguage\":\"fr-FR\",\"@id\":\"https:\/\/astrena.fr\/#\/schema\/logo\/image\/\",\"url\":\"https:\/\/astrena.fr\/wp-content\/uploads\/2025\/11\/Astrena-Distribution-v4.png\",\"contentUrl\":\"https:\/\/astrena.fr\/wp-content\/uploads\/2025\/11\/Astrena-Distribution-v4.png\",\"width\":512,\"height\":512,\"caption\":\"Astrena Distribution\"},\"image\":{\"@id\":\"https:\/\/astrena.fr\/#\/schema\/logo\/image\/\"}}]}<\/script>\n<!-- \/ Yoast SEO plugin. -->","yoast_head_json":{"title":"Edito - Astrena Distribution","robots":{"index":"noindex","follow":"nofollow"},"og_locale":"fr_FR","og_type":"article","og_title":"Edito - Astrena Distribution","og_description":"\u00c9dito Astrena Distribution est l&rsquo;unit\u00e9 de distribution France de la Soci\u00e9t\u00e9 Fran\u00e7aise du Cin\u00e9ma.Le label na\u00eet d\u2019une volont\u00e9 affirm\u00e9e : garantir l\u2019ind\u00e9pendance de notre ligne \u00e9ditoriale et faire que nos films rencontrent leur public.\u00a0 En tant que producteur cin\u00e9matographique et distributeur ind\u00e9pendant, nous orchestrons cette rencontre, avec exigence, curiosit\u00e9 et sens du temps long.Chaque sortie [&hellip;]","og_url":"https:\/\/astrena.fr\/index.php\/edito\/","og_site_name":"Astrena Distribution","article_modified_time":"2025-11-16T10:15:01+00:00","twitter_card":"summary_large_image","twitter_misc":{"Dur\u00e9e de lecture estim\u00e9e":"1 minute"},"schema":{"@context":"https:\/\/schema.org","@graph":[{"@type":"WebPage","@id":"https:\/\/astrena.fr\/index.php\/edito\/","url":"https:\/\/astrena.fr\/index.php\/edito\/","name":"Edito - Astrena Distribution","isPartOf":{"@id":"https:\/\/astrena.fr\/#website"},"datePublished":"2025-11-11T10:07:45+00:00","dateModified":"2025-11-16T10:15:01+00:00","breadcrumb":{"@id":"https:\/\/astrena.fr\/index.php\/edito\/#breadcrumb"},"inLanguage":"fr-FR","potentialAction":[{"@type":"ReadAction","target":["https:\/\/astrena.fr\/index.php\/edito\/"]}]},{"@type":"BreadcrumbList","@id":"https:\/\/astrena.fr\/index.php\/edito\/#breadcrumb","itemListElement":[{"@type":"ListItem","position":1,"name":"Accueil","item":"https:\/\/astrena.fr\/"},{"@type":"ListItem","position":2,"name":"Edito"}]},{"@type":"WebSite","@id":"https:\/\/astrena.fr\/#website","url":"https:\/\/astrena.fr\/","name":"Astrena Distribution","description":"","publisher":{"@id":"https:\/\/astrena.fr\/#organization"},"potentialAction":[{"@type":"SearchAction","target":{"@type":"EntryPoint","urlTemplate":"https:\/\/astrena.fr\/?s={search_term_string}"},"query-input":{"@type":"PropertyValueSpecification","valueRequired":true,"valueName":"search_term_string"}}],"inLanguage":"fr-FR"},{"@type":"Organization","@id":"https:\/\/astrena.fr\/#organization","name":"Astrena Distribution","url":"https:\/\/astrena.fr\/","logo":{"@type":"ImageObject","inLanguage":"fr-FR","@id":"https:\/\/astrena.fr\/#\/schema\/logo\/image\/","url":"https:\/\/astrena.fr\/wp-content\/uploads\/2025\/11\/Astrena-Distribution-v4.png","contentUrl":"https:\/\/astrena.fr\/wp-content\/uploads\/2025\/11\/Astrena-Distribution-v4.png","width":512,"height":512,"caption":"Astrena Distribution"},"image":{"@id":"https:\/\/astrena.fr\/#\/schema\/logo\/image\/"}}]}},"_links":{"self":[{"href":"https:\/\/astrena.fr\/index.php\/wp-json\/wp\/v2\/pages\/57","targetHints":{"allow":["GET"]}}],"collection":[{"href":"https:\/\/astrena.fr\/index.php\/wp-json\/wp\/v2\/pages"}],"about":[{"href":"https:\/\/astrena.fr\/index.php\/wp-json\/wp\/v2\/types\/page"}],"author":[{"embeddable":true,"href":"https:\/\/astrena.fr\/index.php\/wp-json\/wp\/v2\/users\/1"}],"replies":[{"embeddable":true,"href":"https:\/\/astrena.fr\/index.php\/wp-json\/wp\/v2\/comments?post=57"}],"version-history":[{"count":32,"href":"https:\/\/astrena.fr\/index.php\/wp-json\/wp\/v2\/pages\/57\/revisions"}],"predecessor-version":[{"id":195,"href":"https:\/\/astrena.fr\/index.php\/wp-json\/wp\/v2\/pages\/57\/revisions\/195"}],"wp:attachment":[{"href":"https:\/\/astrena.fr\/index.php\/wp-json\/wp\/v2\/media?parent=57"}],"curies":[{"name":"wp","href":"https:\/\/api.w.org\/{rel}","templated":true}]}}